{"id":6740,"date":"2024-11-24T10:07:34","date_gmt":"2024-11-24T10:07:34","guid":{"rendered":"https:\/\/mbe.co.rs\/news\/"},"modified":"2024-11-24T10:07:34","modified_gmt":"2024-11-24T10:07:34","slug":"news","status":"publish","type":"page","link":"https:\/\/mbe.co.rs\/en\/news\/","title":{"rendered":"News"},"content":{"rendered":"\t\t<div data-elementor-type=\"wp-page\" data-elementor-id=\"6740\" class=\"elementor elementor-6740 elementor-6731\" data-elementor-post-type=\"page\">\n\t\t\t\t\t\t<section data-particle_enable=\"false\" data-particle-mobile-disabled=\"false\" class=\"elementor-section elementor-top-section elementor-element elementor-element-d9986b9 elementor-section-boxed elementor-section-height-default elementor-section-height-default\" data-id=\"d9986b9\" data-element_type=\"section\" data-settings=\"{&quot;ekit_has_onepagescroll_dot&quot;:&quot;yes&quot;}\">\n\t\t\t\t\t\t<div class=\"elementor-container elementor-column-gap-default\">\n\t\t\t\t\t<div class=\"elementor-column elementor-col-100 elementor-top-column elementor-element elementor-element-7f87ac9\" data-id=\"7f87ac9\" data-element_type=\"column\">\n\t\t\t<div class=\"elementor-widget-wrap elementor-element-populated\">\n\t\t\t\t\t\t<div class=\"elementor-element elementor-element-406c949 elementor-widget elementor-widget-elementskit-blog-posts\" data-id=\"406c949\" data-element_type=\"widget\" data-settings=\"{&quot;ekit_we_effect_on&quot;:&quot;none&quot;}\" data-widget_type=\"elementskit-blog-posts.default\">\n\t\t\t\t<div class=\"elementor-widget-container\">\n\t\t\t\t\t<div class=\"ekit-wid-con\" >\n        <div id=\"post-items--406c949\" class=\"row post-items ekit-blog-posts-content\">\n\n        \n            \n\n            <div class=\"col-md-12\">\n\n                                    <div class=\"elementskit-blog-block-post\">\n                        <div class=\"row no-gutters\">\n                                                            <div class=\"col-md-6 order-1\">\n                                    <a href=\"https:\/\/mbe.co.rs\/en\/2024\/11\/29\/transforming-delivery-in-serbia\/\" class=\"elementskit-entry-thumb\">\n                                        <img decoding=\"async\" src=\"https:\/\/mbe.co.rs\/wp-content\/uploads\/2024\/11\/003-Milijan-Brankovic-2024-photo-Edvard-Nalbantjan-c.jpg\" alt=\"Transforming Delivery in Serbia\">\n                                    <\/a><!-- .elementskit-entry-thumb END -->\n                                <\/div>\n                            \n                            <div class=\"col-md-6 order-2\">\n                                <div class=\"elementskit-post-body \">\n                                    <div class=\"elementskit-entry-header\">\n                                        \n                                                                                                                            <div class=\"post-meta-list\">\n                                                                                                <span class=\"meta-date\">\n\n                                <i aria-hidden=\"true\" class=\"icon icon-calendar3\"><\/i>\n                                <span class=\"meta-date-text\">\n                                    November 29, 2024                                <\/span>\n                            <\/span>\n                                                                                                            <\/div>\n                                                                            \n                                            \n                                                                                                            <h2 class=\"entry-title\">\n                    <a href=\"https:\/\/mbe.co.rs\/en\/2024\/11\/29\/transforming-delivery-in-serbia\/\">\n                            Transforming Delivery in Serbia                    <\/a>\n                <\/h2>\n                                                                                                <\/div><!-- .elementskit-entry-header END -->\n\n                                                                            <div class=\"elementskit-post-footer\">\n                                                                                            <p>We present a unique concept in Serbia \u2013 a supply chain that provides clients with fast, high-quality, and efficient delivery. If you need import services, customs brokerage, goods storage, customised packaging, and delivery to the end user\u2014a top-tier supply chain\u2014the Belgrade office of Mail Boxes<\/p>\n                                                                                                                                <\/div><!-- .elementskit-post-footer END -->\n                                                                    <\/div><!-- .elementskit-post-body END -->\n                            <\/div>\n                        <\/div>\n                    <\/div><!-- .elementskit-blog-block-post .radius .gradient-bg END -->\n                \n            <\/div>\n\n            \n            \n\n            <div class=\"col-md-12\">\n\n                                    <div class=\"elementskit-blog-block-post\">\n                        <div class=\"row no-gutters\">\n                                                            <div class=\"col-md-6 order-1\">\n                                    <a href=\"https:\/\/mbe.co.rs\/en\/2024\/11\/27\/a-unique-supply-chain-opportunity-for-franchise-partners-in-southwestern-serbia-and-novi-pazar\/\" class=\"elementskit-entry-thumb\">\n                                        <img decoding=\"async\" src=\"https:\/\/mbe.co.rs\/wp-content\/uploads\/2024\/11\/mbe.jpg\" alt=\"A unique supply chain opportunity for franchise partners in southwestern Serbia and Novi Pazar\">\n                                    <\/a><!-- .elementskit-entry-thumb END -->\n                                <\/div>\n                            \n                            <div class=\"col-md-6 order-2\">\n                                <div class=\"elementskit-post-body \">\n                                    <div class=\"elementskit-entry-header\">\n                                        \n                                                                                                                            <div class=\"post-meta-list\">\n                                                                                                <span class=\"meta-date\">\n\n                                <i aria-hidden=\"true\" class=\"icon icon-calendar3\"><\/i>\n                                <span class=\"meta-date-text\">\n                                    November 27, 2024                                <\/span>\n                            <\/span>\n                                                                                                            <\/div>\n                                                                            \n                                            \n                                                                                                            <h2 class=\"entry-title\">\n                    <a href=\"https:\/\/mbe.co.rs\/en\/2024\/11\/27\/a-unique-supply-chain-opportunity-for-franchise-partners-in-southwestern-serbia-and-novi-pazar\/\">\n                            A unique supply chain opportunity for franchise partners in southwestern Serbia and Novi Pazar                    <\/a>\n                <\/h2>\n                                                                                                <\/div><!-- .elementskit-entry-header END -->\n\n                                                                            <div class=\"elementskit-post-footer\">\n                                                                                            <p>Miljan Brankovi\u0107, regionalni direktor kompanije Mail Boxes Etc The company Mail Boxes Etc (MBE), one of the global leaders in the provision of micrologistics solutions, is expanding its operations to southwestern Serbia, including The goal is to find reliable partners who are ready to introduce<\/p>\n                                                                                                                                <\/div><!-- .elementskit-post-footer END -->\n                                                                    <\/div><!-- .elementskit-post-body END -->\n                            <\/div>\n                        <\/div>\n                    <\/div><!-- .elementskit-blog-block-post .radius .gradient-bg END -->\n                \n            <\/div>\n\n            \n            \n\n            <div class=\"col-md-12\">\n\n                                    <div class=\"elementskit-blog-block-post\">\n                        <div class=\"row no-gutters\">\n                                                            <div class=\"col-md-6 order-1\">\n                                    <a href=\"https:\/\/mbe.co.rs\/en\/2024\/11\/27\/a-unique-logistics-service-that-provides-fast-high-quality-and-efficient-delivery-arrives-in-the-south-of-serbia\/\" class=\"elementskit-entry-thumb\">\n                                        <img decoding=\"async\" src=\"https:\/\/mbe.co.rs\/wp-content\/uploads\/2024\/11\/Untitled-1-story-1.png\" alt=\"A unique logistics service that provides fast, high-quality and efficient delivery arrives in the south of Serbia\">\n                                    <\/a><!-- .elementskit-entry-thumb END -->\n                                <\/div>\n                            \n                            <div class=\"col-md-6 order-2\">\n                                <div class=\"elementskit-post-body \">\n                                    <div class=\"elementskit-entry-header\">\n                                        \n                                                                                                                            <div class=\"post-meta-list\">\n                                                                                                <span class=\"meta-date\">\n\n                                <i aria-hidden=\"true\" class=\"icon icon-calendar3\"><\/i>\n                                <span class=\"meta-date-text\">\n                                    November 27, 2024                                <\/span>\n                            <\/span>\n                                                                                                            <\/div>\n                                                                            \n                                            \n                                                                                                            <h2 class=\"entry-title\">\n                    <a href=\"https:\/\/mbe.co.rs\/en\/2024\/11\/27\/a-unique-logistics-service-that-provides-fast-high-quality-and-efficient-delivery-arrives-in-the-south-of-serbia\/\">\n                            A unique logistics service that provides fast, high-quality and efficient delivery arrives in the south of Serbia                    <\/a>\n                <\/h2>\n                                                                                                <\/div><!-- .elementskit-entry-header END -->\n\n                                                                            <div class=\"elementskit-post-footer\">\n                                                                                            <p>The company Mail Boxes Etc (MBE), a leader in the provision of micrologistics solutions, after the conquest of Belgrade, arrives in the south of Serbia in search of reliable partners with whom it will be able to further develop its franchise. According to Miljan Brankovi\u0107,<\/p>\n                                                                                                                                <\/div><!-- .elementskit-post-footer END -->\n                                                                    <\/div><!-- .elementskit-post-body END -->\n                            <\/div>\n                        <\/div>\n                    <\/div><!-- .elementskit-blog-block-post .radius .gradient-bg END -->\n                \n            <\/div>\n\n                    <\/div>\n        \n        \n        <\/div>\t\t\t\t<\/div>\n\t\t\t\t<\/div>\n\t\t\t\t\t<\/div>\n\t\t<\/div>\n\t\t\t\t\t<\/div>\n\t\t<\/section>\n\t\t\t\t<\/div>\n\t\t","protected":false},"excerpt":{"rendered":"<p>\u043d\u043e\u0432\u0435\u043c\u0431\u0430\u0440 23, 2024 MILJAN BRANKOVI\u0106, REGIONALNI MENAD\u017dER KOMPANIJE MAIL BOXES ETC (MBE) Jedinstveni supply chain tra\u017ei fran\u0161izne partnere u Vojvodini U svetu u kojem e-commerce nastavlja ubrzano da raste, logisti\u010dke usluge postaju sve slo\u017eenije i zahtevaju ve\u0107u fleksibilnost i brzinu isporuke. Kompanija Mail Boxes Etc (MBE), lider u pru\u017eanju mikrologisti\u010dkih re\u0161enja, prepoznala je te izazove [&hellip;]<\/p>\n","protected":false},"author":5,"featured_media":0,"parent":0,"menu_order":0,"comment_status":"closed","ping_status":"closed","template":"","meta":{"site-sidebar-layout":"no-sidebar","site-content-layout":"page-builder","ast-site-content-layout":"full-width-container","site-content-style":"default","site-sidebar-style":"default","ast-global-header-display":"","ast-banner-title-visibility":"","ast-main-header-display":"","ast-hfb-above-header-display":"","ast-hfb-below-header-display":"","ast-hfb-mobile-header-display":"","site-post-title":"disabled","ast-breadcrumbs-content":"","ast-featured-img":"disabled","footer-sml-layout":"","theme-transparent-header-meta":"","adv-header-id-meta":"","stick-header-meta":"","header-above-stick-meta":"","header-main-stick-meta":"","header-below-stick-meta":"","astra-migrate-meta-layouts":"default","ast-page-background-enabled":"default","ast-page-background-meta":{"desktop":{"background-color":"var(--ast-global-color-4)","background-image":"","background-repeat":"repeat","background-position":"center center","background-size":"auto","background-attachment":"scroll","background-type":"","background-media":"","overlay-type":"","overlay-color":"","overlay-opacity":"","overlay-gradient":""},"tablet":{"background-color":"","background-image":"","background-repeat":"repeat","background-position":"center center","background-size":"auto","background-attachment":"scroll","background-type":"","background-media":"","overlay-type":"","overlay-color":"","overlay-opacity":"","overlay-gradient":""},"mobile":{"background-color":"","background-image":"","background-repeat":"repeat","background-position":"center center","background-size":"auto","background-attachment":"scroll","background-type":"","background-media":"","overlay-type":"","overlay-color":"","overlay-opacity":"","overlay-gradient":""}},"ast-content-background-meta":{"desktop":{"background-color":"var(--ast-global-color-5)","background-image":"","background-repeat":"repeat","background-position":"center center","background-size":"auto","background-attachment":"scroll","background-type":"","background-media":"","overlay-type":"","overlay-color":"","overlay-opacity":"","overlay-gradient":""},"tablet":{"background-color":"var(--ast-global-color-5)","background-image":"","background-repeat":"repeat","background-position":"center center","background-size":"auto","background-attachment":"scroll","background-type":"","background-media":"","overlay-type":"","overlay-color":"","overlay-opacity":"","overlay-gradient":""},"mobile":{"background-color":"var(--ast-global-color-5)","background-image":"","background-repeat":"repeat","background-position":"center center","background-size":"auto","background-attachment":"scroll","background-type":"","background-media":"","overlay-type":"","overlay-color":"","overlay-opacity":"","overlay-gradient":""}},"footnotes":""},"class_list":["post-6740","page","type-page","status-publish","hentry"],"yoast_head":"<!-- This site is optimized with the Yoast SEO plugin v25.7 - https:\/\/yoast.com\/wordpress\/plugins\/seo\/ -->\n<title>News - MBE<\/title>\n<meta name=\"robots\" content=\"index, follow, max-snippet:-1, max-image-preview:large, max-video-preview:-1\" \/>\n<link rel=\"canonical\" href=\"https:\/\/mbe.co.rs\/en\/news\/\" \/>\n<meta property=\"og:locale\" content=\"en_US\" \/>\n<meta property=\"og:type\" content=\"article\" \/>\n<meta property=\"og:title\" content=\"News - MBE\" \/>\n<meta property=\"og:description\" content=\"\u043d\u043e\u0432\u0435\u043c\u0431\u0430\u0440 23, 2024 MILJAN BRANKOVI\u0106, REGIONALNI MENAD\u017dER KOMPANIJE MAIL BOXES ETC (MBE) Jedinstveni supply chain tra\u017ei fran\u0161izne partnere u Vojvodini U svetu u kojem e-commerce nastavlja ubrzano da raste, logisti\u010dke usluge postaju sve slo\u017eenije i zahtevaju ve\u0107u fleksibilnost i brzinu isporuke. Kompanija Mail Boxes Etc (MBE), lider u pru\u017eanju mikrologisti\u010dkih re\u0161enja, prepoznala je te izazove [&hellip;]\" \/>\n<meta property=\"og:url\" content=\"https:\/\/mbe.co.rs\/en\/news\/\" \/>\n<meta property=\"og:site_name\" content=\"MBE\" \/>\n<meta property=\"article:publisher\" content=\"https:\/\/www.facebook.com\/MBEsrbija\/\" \/>\n<meta property=\"og:image\" content=\"https:\/\/mbe.co.rs\/wp-content\/uploads\/2024\/11\/004-Milijan-Brankovic-2024-photo.JPG.webp\" \/>\n<meta name=\"twitter:card\" content=\"summary_large_image\" \/>\n<script type=\"application\/ld+json\" class=\"yoast-schema-graph\">{\"@context\":\"https:\/\/schema.org\",\"@graph\":[{\"@type\":\"WebPage\",\"@id\":\"https:\/\/mbe.co.rs\/en\/news\/\",\"url\":\"https:\/\/mbe.co.rs\/en\/news\/\",\"name\":\"News - MBE\",\"isPartOf\":{\"@id\":\"https:\/\/mbe.co.rs\/#website\"},\"primaryImageOfPage\":{\"@id\":\"https:\/\/mbe.co.rs\/en\/news\/#primaryimage\"},\"image\":{\"@id\":\"https:\/\/mbe.co.rs\/en\/news\/#primaryimage\"},\"thumbnailUrl\":\"https:\/\/mbe.co.rs\/wp-content\/uploads\/2024\/11\/004-Milijan-Brankovic-2024-photo.JPG.webp\",\"datePublished\":\"2024-11-24T10:07:34+00:00\",\"breadcrumb\":{\"@id\":\"https:\/\/mbe.co.rs\/en\/news\/#breadcrumb\"},\"inLanguage\":\"en-US\",\"potentialAction\":[{\"@type\":\"ReadAction\",\"target\":[\"https:\/\/mbe.co.rs\/en\/news\/\"]}]},{\"@type\":\"ImageObject\",\"inLanguage\":\"en-US\",\"@id\":\"https:\/\/mbe.co.rs\/en\/news\/#primaryimage\",\"url\":\"https:\/\/mbe.co.rs\/wp-content\/uploads\/2024\/11\/004-Milijan-Brankovic-2024-photo.JPG.webp\",\"contentUrl\":\"https:\/\/mbe.co.rs\/wp-content\/uploads\/2024\/11\/004-Milijan-Brankovic-2024-photo.JPG.webp\"},{\"@type\":\"BreadcrumbList\",\"@id\":\"https:\/\/mbe.co.rs\/en\/news\/#breadcrumb\",\"itemListElement\":[{\"@type\":\"ListItem\",\"position\":1,\"name\":\"Home\",\"item\":\"https:\/\/mbe.co.rs\/en\/\"},{\"@type\":\"ListItem\",\"position\":2,\"name\":\"News\"}]},{\"@type\":\"WebSite\",\"@id\":\"https:\/\/mbe.co.rs\/#website\",\"url\":\"https:\/\/mbe.co.rs\/\",\"name\":\"MBE\",\"description\":\"MBE Srbija\",\"publisher\":{\"@id\":\"https:\/\/mbe.co.rs\/#organization\"},\"potentialAction\":[{\"@type\":\"SearchAction\",\"target\":{\"@type\":\"EntryPoint\",\"urlTemplate\":\"https:\/\/mbe.co.rs\/?s={search_term_string}\"},\"query-input\":{\"@type\":\"PropertyValueSpecification\",\"valueRequired\":true,\"valueName\":\"search_term_string\"}}],\"inLanguage\":\"en-US\"},{\"@type\":\"Organization\",\"@id\":\"https:\/\/mbe.co.rs\/#organization\",\"name\":\"MBE\",\"url\":\"https:\/\/mbe.co.rs\/\",\"logo\":{\"@type\":\"ImageObject\",\"inLanguage\":\"en-US\",\"@id\":\"https:\/\/mbe.co.rs\/#\/schema\/logo\/image\/\",\"url\":\"https:\/\/mbe.co.rs\/wp-content\/uploads\/2022\/11\/cropped-logo_1.png\",\"contentUrl\":\"https:\/\/mbe.co.rs\/wp-content\/uploads\/2022\/11\/cropped-logo_1.png\",\"width\":254,\"height\":50,\"caption\":\"MBE\"},\"image\":{\"@id\":\"https:\/\/mbe.co.rs\/#\/schema\/logo\/image\/\"},\"sameAs\":[\"https:\/\/www.facebook.com\/MBEsrbija\/\",\"https:\/\/www.instagram.com\/mbe_srbija\/\",\"https:\/\/www.linkedin.com\/company\/mail-boxes-etc-srbija\/\"]}]}<\/script>\n<!-- \/ Yoast SEO plugin. -->","yoast_head_json":{"title":"News - MBE","robots":{"index":"index","follow":"follow","max-snippet":"max-snippet:-1","max-image-preview":"max-image-preview:large","max-video-preview":"max-video-preview:-1"},"canonical":"https:\/\/mbe.co.rs\/en\/news\/","og_locale":"en_US","og_type":"article","og_title":"News - MBE","og_description":"\u043d\u043e\u0432\u0435\u043c\u0431\u0430\u0440 23, 2024 MILJAN BRANKOVI\u0106, REGIONALNI MENAD\u017dER KOMPANIJE MAIL BOXES ETC (MBE) Jedinstveni supply chain tra\u017ei fran\u0161izne partnere u Vojvodini U svetu u kojem e-commerce nastavlja ubrzano da raste, logisti\u010dke usluge postaju sve slo\u017eenije i zahtevaju ve\u0107u fleksibilnost i brzinu isporuke. Kompanija Mail Boxes Etc (MBE), lider u pru\u017eanju mikrologisti\u010dkih re\u0161enja, prepoznala je te izazove [&hellip;]","og_url":"https:\/\/mbe.co.rs\/en\/news\/","og_site_name":"MBE","article_publisher":"https:\/\/www.facebook.com\/MBEsrbija\/","og_image":[{"url":"https:\/\/mbe.co.rs\/wp-content\/uploads\/2024\/11\/004-Milijan-Brankovic-2024-photo.JPG.webp","type":"","width":"","height":""}],"twitter_card":"summary_large_image","schema":{"@context":"https:\/\/schema.org","@graph":[{"@type":"WebPage","@id":"https:\/\/mbe.co.rs\/en\/news\/","url":"https:\/\/mbe.co.rs\/en\/news\/","name":"News - MBE","isPartOf":{"@id":"https:\/\/mbe.co.rs\/#website"},"primaryImageOfPage":{"@id":"https:\/\/mbe.co.rs\/en\/news\/#primaryimage"},"image":{"@id":"https:\/\/mbe.co.rs\/en\/news\/#primaryimage"},"thumbnailUrl":"https:\/\/mbe.co.rs\/wp-content\/uploads\/2024\/11\/004-Milijan-Brankovic-2024-photo.JPG.webp","datePublished":"2024-11-24T10:07:34+00:00","breadcrumb":{"@id":"https:\/\/mbe.co.rs\/en\/news\/#breadcrumb"},"inLanguage":"en-US","potentialAction":[{"@type":"ReadAction","target":["https:\/\/mbe.co.rs\/en\/news\/"]}]},{"@type":"ImageObject","inLanguage":"en-US","@id":"https:\/\/mbe.co.rs\/en\/news\/#primaryimage","url":"https:\/\/mbe.co.rs\/wp-content\/uploads\/2024\/11\/004-Milijan-Brankovic-2024-photo.JPG.webp","contentUrl":"https:\/\/mbe.co.rs\/wp-content\/uploads\/2024\/11\/004-Milijan-Brankovic-2024-photo.JPG.webp"},{"@type":"BreadcrumbList","@id":"https:\/\/mbe.co.rs\/en\/news\/#breadcrumb","itemListElement":[{"@type":"ListItem","position":1,"name":"Home","item":"https:\/\/mbe.co.rs\/en\/"},{"@type":"ListItem","position":2,"name":"News"}]},{"@type":"WebSite","@id":"https:\/\/mbe.co.rs\/#website","url":"https:\/\/mbe.co.rs\/","name":"MBE","description":"MBE Srbija","publisher":{"@id":"https:\/\/mbe.co.rs\/#organization"},"potentialAction":[{"@type":"SearchAction","target":{"@type":"EntryPoint","urlTemplate":"https:\/\/mbe.co.rs\/?s={search_term_string}"},"query-input":{"@type":"PropertyValueSpecification","valueRequired":true,"valueName":"search_term_string"}}],"inLanguage":"en-US"},{"@type":"Organization","@id":"https:\/\/mbe.co.rs\/#organization","name":"MBE","url":"https:\/\/mbe.co.rs\/","logo":{"@type":"ImageObject","inLanguage":"en-US","@id":"https:\/\/mbe.co.rs\/#\/schema\/logo\/image\/","url":"https:\/\/mbe.co.rs\/wp-content\/uploads\/2022\/11\/cropped-logo_1.png","contentUrl":"https:\/\/mbe.co.rs\/wp-content\/uploads\/2022\/11\/cropped-logo_1.png","width":254,"height":50,"caption":"MBE"},"image":{"@id":"https:\/\/mbe.co.rs\/#\/schema\/logo\/image\/"},"sameAs":["https:\/\/www.facebook.com\/MBEsrbija\/","https:\/\/www.instagram.com\/mbe_srbija\/","https:\/\/www.linkedin.com\/company\/mail-boxes-etc-srbija\/"]}]}},"_links":{"self":[{"href":"https:\/\/mbe.co.rs\/en\/wp-json\/wp\/v2\/pages\/6740","targetHints":{"allow":["GET"]}}],"collection":[{"href":"https:\/\/mbe.co.rs\/en\/wp-json\/wp\/v2\/pages"}],"about":[{"href":"https:\/\/mbe.co.rs\/en\/wp-json\/wp\/v2\/types\/page"}],"author":[{"embeddable":true,"href":"https:\/\/mbe.co.rs\/en\/wp-json\/wp\/v2\/users\/5"}],"replies":[{"embeddable":true,"href":"https:\/\/mbe.co.rs\/en\/wp-json\/wp\/v2\/comments?post=6740"}],"version-history":[{"count":1,"href":"https:\/\/mbe.co.rs\/en\/wp-json\/wp\/v2\/pages\/6740\/revisions"}],"predecessor-version":[{"id":6741,"href":"https:\/\/mbe.co.rs\/en\/wp-json\/wp\/v2\/pages\/6740\/revisions\/6741"}],"wp:attachment":[{"href":"https:\/\/mbe.co.rs\/en\/wp-json\/wp\/v2\/media?parent=6740"}],"curies":[{"name":"wp","href":"https:\/\/api.w.org\/{rel}","templated":true}]}}